{"id":91,"date":"2020-04-21T00:42:33","date_gmt":"2020-04-20T22:42:33","guid":{"rendered":"http:\/\/anneclairegouache.com\/?page_id=91"},"modified":"2023-07-14T17:55:51","modified_gmt":"2023-07-14T15:55:51","slug":"partenaires","status":"publish","type":"page","link":"https:\/\/anneclairegouache.com\/index.php\/partenaires\/","title":{"rendered":"Librairies partenaires"},"content":{"rendered":"\n<p>Je tiens \u00e0 remercier mes partenaires. Sans eux les lecteurs ne pourraient pas se procurer mes ouvrages et b\u00e9n\u00e9ficier de leurs conseils. Ils ont la gentillesse, pour la plupart, de m&rsquo;accueillir dans le cadre de d\u00e9dicaces et rencontres litt\u00e9raires. Cela me permet d&rsquo;\u00e9changer avec mes lecteurs et de partager de beaux moments avec eux. <\/p>\n\n\n\n<p><\/p>\n\n\n\n<p><\/p>\n\n\n\n<p><\/p>\n","protected":false},"excerpt":{"rendered":"<p>Je tiens \u00e0 remercier mes partenaires. Sans eux les lecteurs ne pourraient pas se procurer mes ouvrages et b\u00e9n\u00e9ficier de leurs conseils. Ils ont la gentillesse, pour la plupart, de m&rsquo;accueillir dans le cadre de d\u00e9dicaces et rencontres litt\u00e9raires. Cela me permet d&rsquo;\u00e9changer avec mes lecteurs et de partager de beaux moments avec eux.<\/p>\n","protected":false},"author":1,"featured_media":0,"parent":0,"menu_order":0,"comment_status":"closed","ping_status":"closed","template":"","meta":{"_monsterinsights_skip_tracking":false,"_monsterinsights_sitenote_active":false,"_monsterinsights_sitenote_note":"","_monsterinsights_sitenote_category":0,"footnotes":""},"class_list":["post-91","page","type-page","status-publish","hentry"],"_links":{"self":[{"href":"https:\/\/anneclairegouache.com\/index.php\/wp-json\/wp\/v2\/pages\/91","targetHints":{"allow":["GET"]}}],"collection":[{"href":"https:\/\/anneclairegouache.com\/index.php\/wp-json\/wp\/v2\/pages"}],"about":[{"href":"https:\/\/anneclairegouache.com\/index.php\/wp-json\/wp\/v2\/types\/page"}],"author":[{"embeddable":true,"href":"https:\/\/anneclairegouache.com\/index.php\/wp-json\/wp\/v2\/users\/1"}],"replies":[{"embeddable":true,"href":"https:\/\/anneclairegouache.com\/index.php\/wp-json\/wp\/v2\/comments?post=91"}],"version-history":[{"count":8,"href":"https:\/\/anneclairegouache.com\/index.php\/wp-json\/wp\/v2\/pages\/91\/revisions"}],"predecessor-version":[{"id":1488,"href":"https:\/\/anneclairegouache.com\/index.php\/wp-json\/wp\/v2\/pages\/91\/revisions\/1488"}],"wp:attachment":[{"href":"https:\/\/anneclairegouache.com\/index.php\/wp-json\/wp\/v2\/media?parent=91"}],"curies":[{"name":"wp","href":"https:\/\/api.w.org\/{rel}","templated":true}]}}