{"id":888,"date":"2021-09-24T20:27:04","date_gmt":"2021-09-24T18:27:04","guid":{"rendered":"https:\/\/anneclairegouache.com\/?page_id=888"},"modified":"2021-09-25T00:51:03","modified_gmt":"2021-09-24T22:51:03","slug":"les-promesses-de-laube","status":"publish","type":"page","link":"https:\/\/anneclairegouache.com\/index.php\/les-promesses-de-laube\/","title":{"rendered":"Les promesses de l&rsquo;aube"},"content":{"rendered":"\n<div class=\"wp-block-image\"><figure class=\"aligncenter size-full\"><img loading=\"lazy\" decoding=\"async\" width=\"901\" height=\"595\" src=\"https:\/\/anneclairegouache.com\/wp-content\/uploads\/2021\/09\/Choix-Larmes-3-COUV-3-1.jpg\" alt=\"\" class=\"wp-image-925\" srcset=\"https:\/\/anneclairegouache.com\/wp-content\/uploads\/2021\/09\/Choix-Larmes-3-COUV-3-1.jpg 901w, https:\/\/anneclairegouache.com\/wp-content\/uploads\/2021\/09\/Choix-Larmes-3-COUV-3-1-300x198.jpg 300w, https:\/\/anneclairegouache.com\/wp-content\/uploads\/2021\/09\/Choix-Larmes-3-COUV-3-1-768x507.jpg 768w, https:\/\/anneclairegouache.com\/wp-content\/uploads\/2021\/09\/Choix-Larmes-3-COUV-3-1-600x396.jpg 600w\" sizes=\"auto, (max-width: 901px) 100vw, 901px\" \/><\/figure><\/div>\n\n\n\n<h4 class=\"wp-block-heading\">D\u00e9dicace : <\/h4>\n\n\n\n<p>Je d\u00e9die ce tome 3 du\u00a0Choix des larmes\u00a0\u00e0 ma maman, puisqu\u2019elle est \u00e0 l\u2019origine des deux premiers. J\u2019y associe toute ma famille pour l\u2019amour qu\u2019elle me porte, ainsi que tous mes proches disparus qui m\u2019ont accompagn\u00e9e un moment sur mon chemin, qui m\u2019accompagnent toujours dans mon c\u0153ur et qui ont contribu\u00e9 \u00e0 faire ce que je suis aujourd\u2019hui.<\/p>\n\n\n<pre>\u00a0<\/pre>\n\n\n<p><\/p>\n","protected":false},"excerpt":{"rendered":"<p>D\u00e9dicace : Je d\u00e9die ce tome 3 du\u00a0Choix des larmes\u00a0\u00e0 ma maman, puisqu\u2019elle est \u00e0 l\u2019origine des deux premiers. J\u2019y associe toute ma famille pour l\u2019amour qu\u2019elle me porte, ainsi que tous mes proches disparus qui m\u2019ont accompagn\u00e9e un moment sur mon chemin, qui m\u2019accompagnent toujours dans mon c\u0153ur et qui ont contribu\u00e9 \u00e0 faire [&hellip;]<\/p>\n","protected":false},"author":1,"featured_media":0,"parent":0,"menu_order":0,"comment_status":"closed","ping_status":"closed","template":"","meta":{"_monsterinsights_skip_tracking":false,"_monsterinsights_sitenote_active":false,"_monsterinsights_sitenote_note":"","_monsterinsights_sitenote_category":0,"footnotes":""},"class_list":["post-888","page","type-page","status-publish","hentry"],"_links":{"self":[{"href":"https:\/\/anneclairegouache.com\/index.php\/wp-json\/wp\/v2\/pages\/888","targetHints":{"allow":["GET"]}}],"collection":[{"href":"https:\/\/anneclairegouache.com\/index.php\/wp-json\/wp\/v2\/pages"}],"about":[{"href":"https:\/\/anneclairegouache.com\/index.php\/wp-json\/wp\/v2\/types\/page"}],"author":[{"embeddable":true,"href":"https:\/\/anneclairegouache.com\/index.php\/wp-json\/wp\/v2\/users\/1"}],"replies":[{"embeddable":true,"href":"https:\/\/anneclairegouache.com\/index.php\/wp-json\/wp\/v2\/comments?post=888"}],"version-history":[{"count":5,"href":"https:\/\/anneclairegouache.com\/index.php\/wp-json\/wp\/v2\/pages\/888\/revisions"}],"predecessor-version":[{"id":934,"href":"https:\/\/anneclairegouache.com\/index.php\/wp-json\/wp\/v2\/pages\/888\/revisions\/934"}],"wp:attachment":[{"href":"https:\/\/anneclairegouache.com\/index.php\/wp-json\/wp\/v2\/media?parent=888"}],"curies":[{"name":"wp","href":"https:\/\/api.w.org\/{rel}","templated":true}]}}