{"id":55,"date":"2020-04-20T23:38:18","date_gmt":"2020-04-20T21:38:18","guid":{"rendered":"http:\/\/anneclairegouache.com\/?page_id=55"},"modified":"2020-05-07T08:49:45","modified_gmt":"2020-05-07T06:49:45","slug":"les-poemes","status":"publish","type":"page","link":"https:\/\/anneclairegouache.com\/index.php\/les-poemes\/","title":{"rendered":"Les po\u00e8mes"},"content":{"rendered":"\n<p>Dans cette rubrique vous y d\u00e9couvrirez des po\u00e8mes, des r\u00e9flexions de ma maman <a href=\"https:\/\/anneclairegouache.com\/index.php\/les-auteures\/\">Yvette  Gouache<\/a> et de ma tante <a href=\"https:\/\/anneclairegouache.com\/index.php\/janine-le-goff\/\">Janine Le Goff<\/a>. Je souhaite dans ces pages leur rendre hommage.  <\/p>\n\n\n\n<p>J&rsquo;esp\u00e8re avoir le temps de publier un recueil des po\u00e8mes de ma maman en les restituant dans leur contexte afin de leur rendre, autant que faire ce peu,  leur \u00e9clairage originel. D\u00e9j\u00e0 dans les pages qui suivent, lors de la retranscription des po\u00e8mes de ma maman, vous trouverez quelques \u00e9l\u00e9ments d&rsquo;informations. Tous ses po\u00e8mes sont reli\u00e9s pour la plupart \u00e0 des \u00e9v\u00e8nements qu&rsquo;elle a v\u00e9cus, mais qui font \u00e9galement partie int\u00e9grante de ma vie et ont model\u00e9 la femme que je suis aujourd&rsquo;hui. Par la d\u00e9couverte de ses po\u00e8mes j&rsquo;ai appris beaucoup de choses sur elle, des sentiments pudiquement cach\u00e9s, des souffrances muettes insoup\u00e7onn\u00e9es mais aussi des espoirs et une profonde confiance dans la vie.<\/p>\n\n\n\n<p><\/p>\n\n\n\n<p>  <\/p>\n","protected":false},"excerpt":{"rendered":"<p>Dans cette rubrique vous y d\u00e9couvrirez des po\u00e8mes, des r\u00e9flexions de ma maman Yvette Gouache et de ma tante Janine Le Goff. Je souhaite dans ces pages leur rendre hommage. J&rsquo;esp\u00e8re avoir le temps de publier un recueil des po\u00e8mes de ma maman en les restituant dans leur contexte afin de leur rendre, autant que [&hellip;]<\/p>\n","protected":false},"author":1,"featured_media":0,"parent":0,"menu_order":0,"comment_status":"closed","ping_status":"closed","template":"","meta":{"_monsterinsights_skip_tracking":false,"_monsterinsights_sitenote_active":false,"_monsterinsights_sitenote_note":"","_monsterinsights_sitenote_category":0,"footnotes":""},"class_list":["post-55","page","type-page","status-publish","hentry"],"_links":{"self":[{"href":"https:\/\/anneclairegouache.com\/index.php\/wp-json\/wp\/v2\/pages\/55","targetHints":{"allow":["GET"]}}],"collection":[{"href":"https:\/\/anneclairegouache.com\/index.php\/wp-json\/wp\/v2\/pages"}],"about":[{"href":"https:\/\/anneclairegouache.com\/index.php\/wp-json\/wp\/v2\/types\/page"}],"author":[{"embeddable":true,"href":"https:\/\/anneclairegouache.com\/index.php\/wp-json\/wp\/v2\/users\/1"}],"replies":[{"embeddable":true,"href":"https:\/\/anneclairegouache.com\/index.php\/wp-json\/wp\/v2\/comments?post=55"}],"version-history":[{"count":6,"href":"https:\/\/anneclairegouache.com\/index.php\/wp-json\/wp\/v2\/pages\/55\/revisions"}],"predecessor-version":[{"id":515,"href":"https:\/\/anneclairegouache.com\/index.php\/wp-json\/wp\/v2\/pages\/55\/revisions\/515"}],"wp:attachment":[{"href":"https:\/\/anneclairegouache.com\/index.php\/wp-json\/wp\/v2\/media?parent=55"}],"curies":[{"name":"wp","href":"https:\/\/api.w.org\/{rel}","templated":true}]}}