{"id":492,"date":"2020-05-03T11:30:26","date_gmt":"2020-05-03T09:30:26","guid":{"rendered":"https:\/\/anneclairegouache.com\/?page_id=492"},"modified":"2020-05-14T23:24:48","modified_gmt":"2020-05-14T21:24:48","slug":"anne-claire-gouache","status":"publish","type":"page","link":"https:\/\/anneclairegouache.com\/index.php\/anne-claire-gouache\/","title":{"rendered":"Anne-Claire Gouache"},"content":{"rendered":"\n<p><strong><em>23.10.2000<\/em><\/strong> &#8211;<em> (A mes parents &#8211; Noces d&rsquo;or)<\/em><\/p>\n\n\n<h4 style=\"text-align: center;\">Pour<\/h4>\n<pre>Pour tout ce temps pr\u00e9cieux pass\u00e9 \u00e0 vos c\u00f4t\u00e9s<br>Pour ces trois enfants que vous avez tant choy\u00e9s<br>Pour l'assistance que vous nous avez apport\u00e9e<br>Pour l'\u00e9ducation que vous m'avez dispens\u00e9e<br>Pour ces valeurs que vous m'avez inculqu\u00e9es<br>Pour ces v\u0153ux d'enfant que vous avez exhauss\u00e9s<br>Pour ces v\u00e9rit\u00e9s que vous nous avez montr\u00e9es<br>Pour tous ses tourments que vous nous avez cach\u00e9s<br>Pour toutes ces peines que nous n'avons pas partag\u00e9es<br>Pour toutes ces joies que vous nous avez r\u00e9serv\u00e9es<br>Pour le meilleur que vous avez su d\u00e9celer<br><br>Pour confiance que vous n'avez pas su donner<br>Pour tout ces moments o\u00f9 vous n'avez pas \u00e9cout\u00e9<br>Pour toutes ces petites choses que vous avez loup\u00e9es<br>Pour toutes ces occasions que vous avez manqu\u00e9es<br>Pour tous ces mensonges que vous avez invent\u00e9s<br>Pour tous ces \u00eatres que vous n'avez pas appr\u00e9ci\u00e9s<br>Pour tous ceux que vous avez beaucoup trop aim\u00e9s<br>Pour toutes ces \"bonnes raisons\" et ces arri\u00e8res pens\u00e9es<br>Pour ses faiblesses que vous n'avez pas avouer<br><br>Pour Fran\u00e7ois-R\u00e9gis qui ne nous a pas quitt\u00e9<br>Pour cette force que vous nous avez communiqu\u00e9e<br>Pour cet amour fort que vous nous avez donn\u00e9<br>Pour cet exemple que vous avez su nous montr\u00e9<br>Pour ce message d'espoir que vous symbolisez<br>Pour cette si belle image que vous nous projet\u00e9e<br>Pour vos petits enfants \u00eatre papi, mamie<br>Pour qu'en nous et en eux \u00e0 jamais vous viviez<br>Pour l'\u0153uvre accomplie, debout la t\u00eate lev\u00e9e<br>Pour ce demi si\u00e8cle que vous pouvez regarder<br>Pour ces cinquante ann\u00e9es que nous voulons gard\u00e9es<br>Pour les cinquante prochaines que vous contemplerez<br><br>Pour Quoi<br>Pour Tant<br>Pour Que<br>Pour Eux<br>Pour Nous<br>Pour Moi<br>Pour Vous<br><br>Merci<br><br><\/pre>\n\n\n<p><\/p>\n","protected":false},"excerpt":{"rendered":"<p>23.10.2000 &#8211; (A mes parents &#8211; Noces d&rsquo;or) Pour Pour tout ce temps pr\u00e9cieux pass\u00e9 \u00e0 vos c\u00f4t\u00e9sPour ces trois enfants que vous avez tant choy\u00e9sPour l&rsquo;assistance que vous nous avez apport\u00e9ePour l&rsquo;\u00e9ducation que vous m&rsquo;avez dispens\u00e9ePour ces valeurs que vous m&rsquo;avez inculqu\u00e9esPour ces v\u0153ux d&rsquo;enfant que vous avez exhauss\u00e9sPour ces v\u00e9rit\u00e9s que vous nous [&hellip;]<\/p>\n","protected":false},"author":1,"featured_media":0,"parent":0,"menu_order":0,"comment_status":"closed","ping_status":"closed","template":"","meta":{"_monsterinsights_skip_tracking":false,"_monsterinsights_sitenote_active":false,"_monsterinsights_sitenote_note":"","_monsterinsights_sitenote_category":0,"footnotes":""},"class_list":["post-492","page","type-page","status-publish","hentry"],"_links":{"self":[{"href":"https:\/\/anneclairegouache.com\/index.php\/wp-json\/wp\/v2\/pages\/492","targetHints":{"allow":["GET"]}}],"collection":[{"href":"https:\/\/anneclairegouache.com\/index.php\/wp-json\/wp\/v2\/pages"}],"about":[{"href":"https:\/\/anneclairegouache.com\/index.php\/wp-json\/wp\/v2\/types\/page"}],"author":[{"embeddable":true,"href":"https:\/\/anneclairegouache.com\/index.php\/wp-json\/wp\/v2\/users\/1"}],"replies":[{"embeddable":true,"href":"https:\/\/anneclairegouache.com\/index.php\/wp-json\/wp\/v2\/comments?post=492"}],"version-history":[{"count":9,"href":"https:\/\/anneclairegouache.com\/index.php\/wp-json\/wp\/v2\/pages\/492\/revisions"}],"predecessor-version":[{"id":595,"href":"https:\/\/anneclairegouache.com\/index.php\/wp-json\/wp\/v2\/pages\/492\/revisions\/595"}],"wp:attachment":[{"href":"https:\/\/anneclairegouache.com\/index.php\/wp-json\/wp\/v2\/media?parent=492"}],"curies":[{"name":"wp","href":"https:\/\/api.w.org\/{rel}","templated":true}]}}