{"id":20,"date":"2020-04-20T18:17:38","date_gmt":"2020-04-20T16:17:38","guid":{"rendered":"http:\/\/anneclairegouache.com\/?page_id=20"},"modified":"2020-04-29T10:38:49","modified_gmt":"2020-04-29T08:38:49","slug":"lenfant-trouvee-de-concarneau","status":"publish","type":"page","link":"https:\/\/anneclairegouache.com\/index.php\/lenfant-trouvee-de-concarneau\/","title":{"rendered":"L&rsquo;enfant trouv\u00e9e de Concarneau"},"content":{"rendered":"\n<figure class=\"wp-block-image size-large is-resized is-style-default\"><img loading=\"lazy\" decoding=\"async\" src=\"http:\/\/anneclairegouache.com\/wp-content\/uploads\/2020\/04\/Choix-du-libraire-1024x768.jpg\" alt=\"\" class=\"wp-image-109\" width=\"606\" height=\"454\" srcset=\"https:\/\/anneclairegouache.com\/wp-content\/uploads\/2020\/04\/Choix-du-libraire-1024x768.jpg 1024w, https:\/\/anneclairegouache.com\/wp-content\/uploads\/2020\/04\/Choix-du-libraire-300x225.jpg 300w, https:\/\/anneclairegouache.com\/wp-content\/uploads\/2020\/04\/Choix-du-libraire-768x576.jpg 768w, https:\/\/anneclairegouache.com\/wp-content\/uploads\/2020\/04\/Choix-du-libraire-1536x1152.jpg 1536w, https:\/\/anneclairegouache.com\/wp-content\/uploads\/2020\/04\/Choix-du-libraire-2048x1536.jpg 2048w, https:\/\/anneclairegouache.com\/wp-content\/uploads\/2020\/04\/Choix-du-libraire-600x450.jpg 600w\" sizes=\"auto, (max-width: 606px) 100vw, 606px\" \/><\/figure>\n\n\n\n<div class=\"wp-block-group\"><div class=\"wp-block-group__inner-container is-layout-flow wp-block-group-is-layout-flow\">\n<p><strong>D\u00c9DICACE&nbsp;:<\/strong>&nbsp; <br>\u00ab\u00a0A ma maman, d\u00e9c\u00e9d\u00e9e deux mois avant la parution de ce livre. Elle est \u00e0 la gen\u00e8se de ce \u00ab\u00a0b\u00e9b\u00e9\u00a0\u00bb, con\u00e7u dans une chambre st\u00e9rile du service h\u00e9matologie de l&rsquo;h\u00f4pital Morvan \u00e0 Brest, lors d&rsquo;une e-relation, qui contrairement au secteur, n&rsquo;\u00e9tait pas \u00a0\u00bb prot\u00e9g\u00e9e\u00a0\u00bb. Oui, malgr\u00e9 son \u00e2ge elle \u00e9tait une femme \u00e9minemment moderne. Comme disait Christophe, un de ses petit- fils, elle \u00e9tait une femme \u00ab\u00a0connect\u00e9e\u00a0\u00bb. A 92 ans elle utilisait la technologie tous les jours, skypait et m&rsquo;a tenu la main virtuellement, quotidiennement avec e- mailitude\u00a0\u00bb durant six mois. Tr\u00e8s grande lectrice, elle per\u00e7u apr\u00e8s une \u00ab\u00a0lectographie\u00a0\u00bb approfondie, que dans mes courriels il y avait un embryon de roman. Je lui d\u00e9die cet \u00ab\u00a0enfant posthume\u00a0\u00bb.<br><\/p>\n<\/div><\/div>\n\n\n\n<p><strong>REMERCIEMENTS&nbsp;:<\/strong> \u200b<br>Je souhaite adresser mes premiers remerciements \u00e0 l&rsquo;ensemble du personnel soignant d&rsquo;h\u00e9matologie de l&rsquo;h\u00f4pital Morvan de Brest et du CHU de Nantes pour son d\u00e9vouement, son empathie et sa comp\u00e9tence. Sans lui je n&rsquo;aurai pas pu finir ce roman. Je remercie bien \u00e9videmment ma maman, ma premi\u00e8re lectrice&#8230;<\/p>\n\n\n\n<hr class=\"wp-block-separator\"\/>\n\n\n\n<p><strong>Extrait chapitre 15<\/strong> <\/p>\n\n\n\n<p>\u2014&nbsp;Nous avons tous diff\u00e9rents visages, diff\u00e9rentes zones ; Notre zone \u00ab\u00a0publique\u00a0\u00bb connue de nous-m\u00eame et des autres : elle r\u00e9v\u00e8le&nbsp;qui nous sommes au grand jour, indiquant l\u2019image que nous donnons \u00e0 voir et celle que les autres ont de nous. Notre zone \u00a0\u00bb cach\u00e9e \u00a0\u00bb connue seulement de nous : Tout ce que nous savons sur nous que nous contr\u00f4lons et ma\u00eetrisons afin que les autres ne voient pas ces traits de&nbsp;notre personnalit\u00e9. Il s\u2019agit de&nbsp;nos secrets, nos d\u00e9sirs mais aussi nos faiblesses, de&nbsp;nos craintes&#8230;<br>\u2014&nbsp;Je suis vraiment impatient de d\u00e9couvrir ta zone cach\u00e9e.<br>\u2014 D\u00e9sol\u00e9e mais je la garde pour moi. C\u2019est mon jardin secret. <br>\u2014&nbsp;Il me semble parfois&nbsp;l\u2019entrevoir.<br>\u2014&nbsp;Nous avons aussi notre zone \u00a0\u00bb aveugle \u00ab\u00a0, connue des autres mais pas de nous : Ce que les autres voient et savent de nous mais que nous ignorons&nbsp;! Ce que l\u2019on pourrait appeler notre c\u00f4t\u00e9 obscur !<br>\u2014&nbsp;Je ne vois pas ce que tu veux dire exactement.<br>\u2014&nbsp;Par exemple ce sont tes manies, tes lapsus, et plus&nbsp;g\u00e9n\u00e9ralement les sentiments qu\u2019on les autres \u00e0 ton \u00e9gard, qu\u2019il s\u2019agisse&nbsp;de rumeurs ou de faits objectifs.<br>\u2014&nbsp;Quels sont tes c\u00f4t\u00e9s obscurs et en as-tu ? demanda-t-il en souriant malicieusement.<br>\u2014&nbsp;Oui bien s\u00fbr que&nbsp;j\u2019en ai mais je ne les connais pas ou alors tr\u00e8s mal. C\u2019est \u00e0 toi de me les r\u00e9v\u00e9ler. Zut&nbsp;! Prends des notes et fais attention \u00e0 ce que je te dis. &#8230;.<\/p>\n\n\n\n<p><strong>Extrait Chapitre 2<\/strong><\/p>\n\n\n\n<figure class=\"wp-block-image size-large\"><img loading=\"lazy\" decoding=\"async\" width=\"687\" height=\"615\" src=\"https:\/\/anneclairegouache.com\/wp-content\/uploads\/2020\/04\/image-1.png\" alt=\"\" class=\"wp-image-457\" srcset=\"https:\/\/anneclairegouache.com\/wp-content\/uploads\/2020\/04\/image-1.png 687w, https:\/\/anneclairegouache.com\/wp-content\/uploads\/2020\/04\/image-1-300x269.png 300w, https:\/\/anneclairegouache.com\/wp-content\/uploads\/2020\/04\/image-1-600x537.png 600w\" sizes=\"auto, (max-width: 687px) 100vw, 687px\" \/><\/figure>\n","protected":false},"excerpt":{"rendered":"<p>D\u00c9DICACE&nbsp;:&nbsp; \u00ab\u00a0A ma maman, d\u00e9c\u00e9d\u00e9e deux mois avant la parution de ce livre. Elle est \u00e0 la gen\u00e8se de ce \u00ab\u00a0b\u00e9b\u00e9\u00a0\u00bb, con\u00e7u dans une chambre st\u00e9rile du service h\u00e9matologie de l&rsquo;h\u00f4pital Morvan \u00e0 Brest, lors d&rsquo;une e-relation, qui contrairement au secteur, n&rsquo;\u00e9tait pas \u00a0\u00bb prot\u00e9g\u00e9e\u00a0\u00bb. Oui, malgr\u00e9 son \u00e2ge elle \u00e9tait une femme \u00e9minemment moderne. [&hellip;]<\/p>\n","protected":false},"author":1,"featured_media":0,"parent":0,"menu_order":0,"comment_status":"closed","ping_status":"closed","template":"","meta":{"_monsterinsights_skip_tracking":false,"_monsterinsights_sitenote_active":false,"_monsterinsights_sitenote_note":"","_monsterinsights_sitenote_category":0,"footnotes":""},"class_list":["post-20","page","type-page","status-publish","hentry"],"_links":{"self":[{"href":"https:\/\/anneclairegouache.com\/index.php\/wp-json\/wp\/v2\/pages\/20","targetHints":{"allow":["GET"]}}],"collection":[{"href":"https:\/\/anneclairegouache.com\/index.php\/wp-json\/wp\/v2\/pages"}],"about":[{"href":"https:\/\/anneclairegouache.com\/index.php\/wp-json\/wp\/v2\/types\/page"}],"author":[{"embeddable":true,"href":"https:\/\/anneclairegouache.com\/index.php\/wp-json\/wp\/v2\/users\/1"}],"replies":[{"embeddable":true,"href":"https:\/\/anneclairegouache.com\/index.php\/wp-json\/wp\/v2\/comments?post=20"}],"version-history":[{"count":17,"href":"https:\/\/anneclairegouache.com\/index.php\/wp-json\/wp\/v2\/pages\/20\/revisions"}],"predecessor-version":[{"id":458,"href":"https:\/\/anneclairegouache.com\/index.php\/wp-json\/wp\/v2\/pages\/20\/revisions\/458"}],"wp:attachment":[{"href":"https:\/\/anneclairegouache.com\/index.php\/wp-json\/wp\/v2\/media?parent=20"}],"curies":[{"name":"wp","href":"https:\/\/api.w.org\/{rel}","templated":true}]}}