{"id":2,"date":"2020-04-19T16:12:16","date_gmt":"2020-04-19T14:12:16","guid":{"rendered":"http:\/\/anneclairegouache.com\/?page_id=2"},"modified":"2024-06-08T14:32:50","modified_gmt":"2024-06-08T12:32:50","slug":"page-d-exemple","status":"publish","type":"page","link":"https:\/\/anneclairegouache.com\/","title":{"rendered":"Bienvenue"},"content":{"rendered":"\n<p>Je suis heureuse de vous accueillir sur mon site officiel mis \u00e0 jour toutes les semaines. Vous y d\u00e9couvrirez mes romans et leur gen\u00e8se qui pourra contribuer \u00e0 vous apporter un \u00e9clairage int\u00e9ressant lors de votre lecture ou relecture. Vous y trouverez aussi des \u00ab\u00a0morceaux choisis\u00a0\u00bb.<\/p>\n\n\n\n<p>Vous partagerez avec moi mon actualit\u00e9 (s\u00e9ances de d\u00e9dicaces, salons&#8230;), mais aussi mes souvenirs et parfois nos souvenirs communs, lors de nos belles rencontres \u00e0 l&rsquo;occasion de d\u00e9dicaces. <\/p>\n\n\n\n<p>Je vous ferai \u00e9galement partager les po\u00e8mes de ma maman et de ma tante. Vous pouvez vous y reporter r\u00e9guli\u00e8rement car je les retranscrits au fil du temps. Certaines de ces \u0153uvres po\u00e9tiques ont \u00e9t\u00e9 prim\u00e9es et d&rsquo;autres pas. Mais pour tout po\u00e8te ou tout \u00e9crivain, la plus belle des r\u00e9compenses n&rsquo;est elle pas le po\u00e8me ou le roman lui m\u00eame, avec le plaisir et parfois le soulagement qu&rsquo;il lui a procur\u00e9 lors de son \u00e9criture.<\/p>\n\n\n\n<p>Enfin, pour qu&rsquo;un roman soit riche, il faut qu&rsquo;il ait du contenu, que celui-ci soit empreint de sentiments, d&rsquo;id\u00e9es&#8230; qu&rsquo;il sache bien s\u00fbr distraire mais suscite aussi la r\u00e9flexion, afin que l&rsquo;on puisse en tirer profit. Donc pour vous permettre de mieux appr\u00e9hender les miens vous trouverez au fil du menu une petite biographie mais aussi des avis (non filtr\u00e9s) de lecteurs . Quand on conna\u00eet mieux l&rsquo;auteur on comprend mieux l&rsquo;\u0153uvre.<\/p>\n\n\n\n<p>N&rsquo;h\u00e9sitez pas \u00e0 me laisser un message sur mon email dans la page contact. J&rsquo;y r\u00e9ponds toujours personnellement. Je n&rsquo;ai pas de service de presse ou de communication.<\/p>\n\n\n\n<p><\/p>\n","protected":false},"excerpt":{"rendered":"<p>Je suis heureuse de vous accueillir sur mon site officiel mis \u00e0 jour toutes les semaines. Vous y d\u00e9couvrirez mes romans et leur gen\u00e8se qui pourra contribuer \u00e0 vous apporter un \u00e9clairage int\u00e9ressant lors de votre lecture ou relecture. Vous y trouverez aussi des \u00ab\u00a0morceaux choisis\u00a0\u00bb. Vous partagerez avec moi mon actualit\u00e9 (s\u00e9ances de d\u00e9dicaces, [&hellip;]<\/p>\n","protected":false},"author":1,"featured_media":0,"parent":0,"menu_order":0,"comment_status":"closed","ping_status":"open","template":"","meta":{"_monsterinsights_skip_tracking":false,"_monsterinsights_sitenote_active":false,"_monsterinsights_sitenote_note":"","_monsterinsights_sitenote_category":0,"footnotes":""},"class_list":["post-2","page","type-page","status-publish","hentry"],"_links":{"self":[{"href":"https:\/\/anneclairegouache.com\/index.php\/wp-json\/wp\/v2\/pages\/2","targetHints":{"allow":["GET"]}}],"collection":[{"href":"https:\/\/anneclairegouache.com\/index.php\/wp-json\/wp\/v2\/pages"}],"about":[{"href":"https:\/\/anneclairegouache.com\/index.php\/wp-json\/wp\/v2\/types\/page"}],"author":[{"embeddable":true,"href":"https:\/\/anneclairegouache.com\/index.php\/wp-json\/wp\/v2\/users\/1"}],"replies":[{"embeddable":true,"href":"https:\/\/anneclairegouache.com\/index.php\/wp-json\/wp\/v2\/comments?post=2"}],"version-history":[{"count":15,"href":"https:\/\/anneclairegouache.com\/index.php\/wp-json\/wp\/v2\/pages\/2\/revisions"}],"predecessor-version":[{"id":1503,"href":"https:\/\/anneclairegouache.com\/index.php\/wp-json\/wp\/v2\/pages\/2\/revisions\/1503"}],"wp:attachment":[{"href":"https:\/\/anneclairegouache.com\/index.php\/wp-json\/wp\/v2\/media?parent=2"}],"curies":[{"name":"wp","href":"https:\/\/api.w.org\/{rel}","templated":true}]}}